{"id":12,"date":"2024-11-07T03:01:11","date_gmt":"2024-11-07T03:01:11","guid":{"rendered":"https:\/\/plrtop10.com\/tiktok\/?page_id=12"},"modified":"2024-11-07T03:18:03","modified_gmt":"2024-11-07T03:18:03","slug":"politicas-privacidade","status":"publish","type":"page","link":"https:\/\/plrtop10.com\/tiktok\/politicas-privacidade\/","title":{"rendered":"Pol\u00edticas Privacidade"},"content":{"rendered":"\t\t<div data-elementor-type=\"wp-page\" data-elementor-id=\"12\" class=\"elementor elementor-12\" data-elementor-post-type=\"page\">\n\t\t\t\t\t\t<section class=\"elementor-section elementor-top-section elementor-element elementor-element-4f5abe6e elementor-section-boxed elementor-section-height-default elementor-section-height-default\" data-id=\"4f5abe6e\" data-element_type=\"section\">\n\t\t\t\t\t\t<div class=\"elementor-container elementor-column-gap-default\">\n\t\t\t\t\t<div class=\"elementor-column elementor-col-100 elementor-top-column elementor-element elementor-element-61b20805\" data-id=\"61b20805\" data-element_type=\"column\">\n\t\t\t<div class=\"elementor-widget-wrap elementor-element-populated\">\n\t\t\t\t\t\t<section class=\"elementor-section elementor-inner-section elementor-element elementor-element-61ff0b9f elementor-section-boxed elementor-section-height-default elementor-section-height-default\" data-id=\"61ff0b9f\" data-element_type=\"section\">\n\t\t\t\t\t\t<div class=\"elementor-container elementor-column-gap-default\">\n\t\t\t\t\t<div class=\"elementor-column elementor-col-100 elementor-inner-column elementor-element elementor-element-69fbf17d\" data-id=\"69fbf17d\" data-element_type=\"column\">\n\t\t\t<div class=\"elementor-widget-wrap elementor-element-populated\">\n\t\t\t\t\t\t<div class=\"elementor-element elementor-element-786d8d7 elementor-widget elementor-widget-text-editor\" data-id=\"786d8d7\" data-element_type=\"widget\" data-widget_type=\"text-editor.default\">\n\t\t\t\t<div class=\"elementor-widget-container\">\n\t\t\t\t\t\t\t<p>POL\u00cdTICAS DE PRIVACIDADE<\/p>\t\t\t\t\t\t<\/div>\n\t\t\t\t<\/div>\n\t\t\t\t<div class=\"elementor-element elementor-element-46602506 elementor-widget elementor-widget-text-editor\" data-id=\"46602506\" data-element_type=\"widget\" data-widget_type=\"text-editor.default\">\n\t\t\t\t<div class=\"elementor-widget-container\">\n\t\t\t\t\t\t\t<p><span style=\"color: #000000;\"><strong>Compromisso de prote\u00e7\u00e3o \u00e0 sua privacidade<\/strong><\/span><\/p><p><span style=\"color: #000000;\">Suas informa\u00e7\u00f5es compartilhadas por voc\u00ea em refer\u00eancia a transa\u00e7\u00f5es (como seu nome, endere\u00e7o de e-mail ou quaisquer outros dados pessoais) est\u00e3o completamente seguras conosco. Este documento define nosso compromisso com a pol\u00edtica de privacidade. Outras informa\u00e7\u00f5es de privacidade podem ser aplicadas, dependendo da empresa em <a href=\"https:\/\/plrtop10.com\/tiktok\/\"><strong>Tik Tok Turbo<\/strong><\/a> com a qual voc\u00ea lida. N\u00f3s o encorajamos a visitar nosso site regularmente para quaisquer atualiza\u00e7\u00f5es de nossas pol\u00edticas de privacidade.<\/span><\/p><p><span style=\"color: #000000;\"><strong><a href=\"https:\/\/plrtop10.com\/tiktok\/\">TikTok Turbo<\/a> ir\u00e1 coletar e manter suas informa\u00e7\u00f5es pessoais com a finalidade de:<\/strong><\/span><\/p><ul><li><span style=\"color: #000000;\">fornecer a voc\u00ea o produto e \/ou servi\u00e7o relevante;<\/span><\/li><li><span style=\"color: #000000;\">inform\u00e1-lo sobre outros produtos e \/ou servi\u00e7os que possam lhe interessar; o<\/span><\/li><li><span style=\"color: #000000;\">Auxiliando-nos em geral no gerenciamento de suas transa\u00e7\u00f5es conosco.<\/span><\/li><\/ul><p><span style=\"color: #000000;\"><strong>Podemos divulgar as informa\u00e7\u00f5es que coletamos para:<\/strong><\/span><\/p><ul><li><span style=\"color: #000000;\">Nossos funcion\u00e1rios e consultores para fornecer a voc\u00ea nossas ofertas e servi\u00e7os futuros nos quais voc\u00ea possa estar interessado.<\/span><\/li><li><span style=\"color: #000000;\">Afiliados e outros terceiros para processar suas transa\u00e7\u00f5es com sucesso.<\/span><\/li><li><span style=\"color: #000000;\">Transa\u00e7\u00f5es corporativas envolvendo a transfer\u00eancia de todos ou parte dos ativos ou neg\u00f3cios de um membro de <a href=\"https:\/\/plrtop10.com\/tiktok\/\"><strong>TikTok Turbo<\/strong><\/a> ou em uma reestrutura\u00e7\u00e3o corporativa.<\/span><\/li><li><span style=\"color: #000000;\">Tribunal em resposta a uma intima\u00e7\u00e3o.<\/span><\/li><\/ul><p><span style=\"color: #000000;\">Se, em qualquer circunst\u00e2ncia, as informa\u00e7\u00f5es fornecidas por voc\u00ea contiverem erros, voc\u00ea estar\u00e1 sujeito \u00e0s nossas obriga\u00e7\u00f5es legais e sua conta ser\u00e1 cancelada sem qualquer aviso pr\u00e9vio.<\/span><\/p><p><span style=\"color: #000000;\"><a href=\"https:\/\/plrtop10.com\/tiktok\/\"><strong>TikTok Turbo<\/strong><\/a> toma todas as medidas de seguran\u00e7a razo\u00e1veis para proteger as informa\u00e7\u00f5es pessoais contra perda, acesso n\u00e3o autorizado, destrui\u00e7\u00e3o, uso indevido, modifica\u00e7\u00e3o ou divulga\u00e7\u00e3o. Para sua seguran\u00e7a e prote\u00e7\u00e3o, as informa\u00e7\u00f5es do seu cart\u00e3o de cr\u00e9dito n\u00e3o s\u00e3o armazenadas em nossos servidores.<\/span><\/p><p><span style=\"color: #000000;\">Os dados pessoais, sejam p\u00fablicos ou privados, n\u00e3o ser\u00e3o vendidos, trocados, transferidos ou dados a qualquer outra empresa por qualquer motivo, sem o consentimento do cliente, a n\u00e3o ser para o prop\u00f3sito expresso de entrega do produto adquirido ou servi\u00e7o solicitado por o cliente.<\/span><\/p><p><span style=\"color: #000000;\">Podemos alterar nossa pol\u00edtica de privacidade a qualquer momento sem qualquer aviso pr\u00e9vio, sugerimos que voc\u00ea visite nosso site de tempos em tempos para futuras altera\u00e7\u00f5es e atualiza\u00e7\u00f5es.<\/span><\/p><p><span style=\"color: #000000;\">Para maiores informa\u00e7\u00f5es, entre em contato em: <strong>(SEU LINK DE SUPORTE)<\/strong><\/span><\/p>\t\t\t\t\t\t<\/div>\n\t\t\t\t<\/div>\n\t\t\t\t\t<\/div>\n\t\t<\/div>\n\t\t\t\t\t<\/div>\n\t\t<\/section>\n\t\t\t\t\t<\/div>\n\t\t<\/div>\n\t\t\t\t\t<\/div>\n\t\t<\/section>\n\t\t\t\t<section class=\"elementor-section elementor-top-section elementor-element elementor-element-3f2f66c8 elementor-section-boxed elementor-section-height-default elementor-section-height-default\" data-id=\"3f2f66c8\" data-element_type=\"section\" data-settings=\"{&quot;background_background&quot;:&quot;classic&quot;}\">\n\t\t\t\t\t\t<div class=\"elementor-container elementor-column-gap-default\">\n\t\t\t\t\t<div class=\"elementor-column elementor-col-100 elementor-top-column elementor-element elementor-element-33f80d10\" data-id=\"33f80d10\" data-element_type=\"column\">\n\t\t\t<div class=\"elementor-widget-wrap elementor-element-populated\">\n\t\t\t\t\t\t<section class=\"elementor-section elementor-inner-section elementor-element elementor-element-7f3393ca elementor-section-boxed elementor-section-height-default elementor-section-height-default\" data-id=\"7f3393ca\" data-element_type=\"section\">\n\t\t\t\t\t\t<div class=\"elementor-container elementor-column-gap-default\">\n\t\t\t\t\t<div class=\"elementor-column elementor-col-50 elementor-inner-column elementor-element elementor-element-56ce992c\" data-id=\"56ce992c\" data-element_type=\"column\">\n\t\t\t<div class=\"elementor-widget-wrap\">\n\t\t\t\t\t\t\t<\/div>\n\t\t<\/div>\n\t\t\t\t<div class=\"elementor-column elementor-col-50 elementor-inner-column elementor-element elementor-element-3ada1243\" data-id=\"3ada1243\" data-element_type=\"column\">\n\t\t\t<div class=\"elementor-widget-wrap elementor-element-populated\">\n\t\t\t\t\t\t<div class=\"elementor-element elementor-element-284c3534 elementor-widget elementor-widget-text-editor\" data-id=\"284c3534\" data-element_type=\"widget\" data-widget_type=\"text-editor.default\">\n\t\t\t\t<div class=\"elementor-widget-container\">\n\t\t\t\t\t\t\t<p>Termos e Condi\u00e7\u00f5es\u00a0 \u00a0 Pol\u00edticas de Privacidade\u00a0<\/p>\t\t\t\t\t\t<\/div>\n\t\t\t\t<\/div>\n\t\t\t\t\t<\/div>\n\t\t<\/div>\n\t\t\t\t\t<\/div>\n\t\t<\/section>\n\t\t\t\t\t<\/div>\n\t\t<\/div>\n\t\t\t\t\t<\/div>\n\t\t<\/section>\n\t\t\t\t<\/div>\n\t\t","protected":false},"excerpt":{"rendered":"<p>POL\u00cdTICAS DE PRIVACIDADE Compromisso de prote\u00e7\u00e3o \u00e0 sua privacidade Suas informa\u00e7\u00f5es compartilhadas por voc\u00ea em refer\u00eancia a transa\u00e7\u00f5es (como seu nome, endere\u00e7o de e-mail ou quaisquer outros dados pessoais) est\u00e3o completamente seguras conosco. Este documento define nosso compromisso com a pol\u00edtica de privacidade. Outras informa\u00e7\u00f5es de privacidade podem ser aplicadas, dependendo da empresa em Tik [&hellip;]<\/p>\n","protected":false},"author":1,"featured_media":0,"parent":0,"menu_order":0,"comment_status":"closed","ping_status":"closed","template":"elementor_header_footer","meta":{"footnotes":""},"class_list":["post-12","page","type-page","status-publish","hentry"],"_links":{"self":[{"href":"https:\/\/plrtop10.com\/tiktok\/wp-json\/wp\/v2\/pages\/12"}],"collection":[{"href":"https:\/\/plrtop10.com\/tiktok\/wp-json\/wp\/v2\/pages"}],"about":[{"href":"https:\/\/plrtop10.com\/tiktok\/wp-json\/wp\/v2\/types\/page"}],"author":[{"embeddable":true,"href":"https:\/\/plrtop10.com\/tiktok\/wp-json\/wp\/v2\/users\/1"}],"replies":[{"embeddable":true,"href":"https:\/\/plrtop10.com\/tiktok\/wp-json\/wp\/v2\/comments?post=12"}],"version-history":[{"count":7,"href":"https:\/\/plrtop10.com\/tiktok\/wp-json\/wp\/v2\/pages\/12\/revisions"}],"predecessor-version":[{"id":62,"href":"https:\/\/plrtop10.com\/tiktok\/wp-json\/wp\/v2\/pages\/12\/revisions\/62"}],"wp:attachment":[{"href":"https:\/\/plrtop10.com\/tiktok\/wp-json\/wp\/v2\/media?parent=12"}],"curies":[{"name":"wp","href":"https:\/\/api.w.org\/{rel}","templated":true}]}}