{"id":59,"date":"2024-10-17T00:43:34","date_gmt":"2024-10-17T00:43:34","guid":{"rendered":"https:\/\/plrtop10.com\/milhas\/?page_id=59"},"modified":"2024-10-17T00:44:35","modified_gmt":"2024-10-17T00:44:35","slug":"politica-privacidade","status":"publish","type":"page","link":"https:\/\/plrtop10.com\/milhas\/politica-privacidade\/","title":{"rendered":"Politica Privacidade"},"content":{"rendered":"\t\t<div data-elementor-type=\"wp-page\" data-elementor-id=\"59\" class=\"elementor elementor-59\" data-elementor-post-type=\"page\">\n\t\t\t\t\t\t<section class=\"elementor-section elementor-top-section elementor-element elementor-element-386d0c88 elementor-section-boxed elementor-section-height-default elementor-section-height-default\" data-id=\"386d0c88\" data-element_type=\"section\">\n\t\t\t\t\t\t<div class=\"elementor-container elementor-column-gap-default\">\n\t\t\t\t\t<div class=\"elementor-column elementor-col-100 elementor-top-column elementor-element elementor-element-9d7cdf\" data-id=\"9d7cdf\" data-element_type=\"column\">\n\t\t\t<div class=\"elementor-widget-wrap elementor-element-populated\">\n\t\t\t\t\t\t<section class=\"elementor-section elementor-inner-section elementor-element elementor-element-268ec90f elementor-section-boxed elementor-section-height-default elementor-section-height-default\" data-id=\"268ec90f\" data-element_type=\"section\">\n\t\t\t\t\t\t<div class=\"elementor-container elementor-column-gap-default\">\n\t\t\t\t\t<div class=\"elementor-column elementor-col-100 elementor-inner-column elementor-element elementor-element-3d858286\" data-id=\"3d858286\" data-element_type=\"column\">\n\t\t\t<div class=\"elementor-widget-wrap elementor-element-populated\">\n\t\t\t\t\t\t<div class=\"elementor-element elementor-element-5e04c102 elementor-widget elementor-widget-text-editor\" data-id=\"5e04c102\" data-element_type=\"widget\" data-widget_type=\"text-editor.default\">\n\t\t\t\t<div class=\"elementor-widget-container\">\n\t\t\t\t\t\t\t<p>POL\u00cdTICAS DE PRIVACIDADE<\/p>\t\t\t\t\t\t<\/div>\n\t\t\t\t<\/div>\n\t\t\t\t<div class=\"elementor-element elementor-element-ed8b68d elementor-widget elementor-widget-text-editor\" data-id=\"ed8b68d\" data-element_type=\"widget\" data-widget_type=\"text-editor.default\">\n\t\t\t\t<div class=\"elementor-widget-container\">\n\t\t\t\t\t\t\t<p><span style=\"color: #000000;\"><strong>Compromisso de prote\u00e7\u00e3o \u00e0 sua privacidade<\/strong><\/span><\/p>\n<p><font color=\"#000000\">Suas informa\u00e7\u00f5es compartilhadas por voc\u00ea em refer\u00eancia a transa\u00e7\u00f5es (como seu nome, endere\u00e7o de e-mail ou quaisquer outros dados pessoais) est\u00e3o completamente seguras conosco. Este documento define nosso compromisso com a pol\u00edtica de privacidade. Outras informa\u00e7\u00f5es de privacidade podem ser aplicadas, dependendo da empresa em <b>https:\/\/plrtop10.com\/milhas<\/b>&nbsp;com a qual voc\u00ea lida. N\u00f3s o encorajamos a visitar nosso site regularmente para quaisquer atualiza\u00e7\u00f5es de nossas pol\u00edticas de privacidade.<\/font><\/p>\n<p><span style=\"color: #000000;\"><strong>(SEU WEBSITE)<\/strong><strong> ir\u00e1 coletar e manter suas informa\u00e7\u00f5es pessoais com a finalidade de:<\/strong><\/span><\/p>\n<ul>\n<li><span style=\"color: #000000;\">fornecer a voc\u00ea o produto e \/ou servi\u00e7o relevante;<\/span><\/li>\n<li><span style=\"color: #000000;\">inform\u00e1-lo sobre outros produtos e \/ou servi\u00e7os que possam lhe interessar; o<\/span><\/li>\n<li><span style=\"color: #000000;\">Auxiliando-nos em geral no gerenciamento de suas transa\u00e7\u00f5es conosco.<\/span><\/li>\n<\/ul>\n<p><span style=\"color: #000000;\"><strong>Podemos divulgar as informa\u00e7\u00f5es que coletamos para:<\/strong><\/span><\/p>\n<ul>\n<li><span style=\"color: #000000;\">Nossos funcion\u00e1rios e consultores para fornecer a voc\u00ea nossas ofertas e servi\u00e7os futuros nos quais voc\u00ea possa estar interessado.<\/span><\/li>\n<li><span style=\"color: #000000;\">Afiliados e outros terceiros para processar suas transa\u00e7\u00f5es com sucesso.<\/span><\/li>\n<li><font color=\"#000000\">Transa\u00e7\u00f5es corporativas envolvendo a transfer\u00eancia de todos ou parte dos ativos ou neg\u00f3cios de um membro de <b>https:\/\/plrtop10.com\/milhas<\/b>&nbsp;ou em uma reestrutura\u00e7\u00e3o corporativa.<\/font><\/li>\n<li><span style=\"color: #000000;\">Tribunal em resposta a uma intima\u00e7\u00e3o.<\/span><\/li>\n<\/ul>\n<p><span style=\"color: #000000;\">Se, em qualquer circunst\u00e2ncia, as informa\u00e7\u00f5es fornecidas por voc\u00ea contiverem erros, voc\u00ea estar\u00e1 sujeito \u00e0s nossas obriga\u00e7\u00f5es legais e sua conta ser\u00e1 cancelada sem qualquer aviso pr\u00e9vio.<\/span><\/p>\n<p><font color=\"#000000\"><b>https:\/\/plrtop10.com\/milhas<\/b><\/font><span style=\"color: #000000;\">&nbsp;toma todas as medidas de seguran\u00e7a razo\u00e1veis para proteger as informa\u00e7\u00f5es pessoais contra perda, acesso n\u00e3o autorizado, destrui\u00e7\u00e3o, uso indevido, modifica\u00e7\u00e3o ou divulga\u00e7\u00e3o. Para sua seguran\u00e7a e prote\u00e7\u00e3o, as informa\u00e7\u00f5es do seu cart\u00e3o de cr\u00e9dito n\u00e3o s\u00e3o armazenadas em nossos servidores.<\/span><\/p>\n<p><span style=\"color: #000000;\">Os dados pessoais, sejam p\u00fablicos ou privados, n\u00e3o ser\u00e3o vendidos, trocados, transferidos ou dados a qualquer outra empresa por qualquer motivo, sem o consentimento do cliente, a n\u00e3o ser para o prop\u00f3sito expresso de entrega do produto adquirido ou servi\u00e7o solicitado por o cliente.<\/span><\/p>\n<p><span style=\"color: #000000;\">Podemos alterar nossa pol\u00edtica de privacidade a qualquer momento sem qualquer aviso pr\u00e9vio, sugerimos que voc\u00ea visite nosso site de tempos em tempos para futuras altera\u00e7\u00f5es e atualiza\u00e7\u00f5es.<\/span><\/p>\n<p><span style=\"color: #000000;\">Para maiores informa\u00e7\u00f5es, entre em contato em: <strong>(SEU LINK DE SUPORTE)<\/strong><\/span><\/p>\t\t\t\t\t\t<\/div>\n\t\t\t\t<\/div>\n\t\t\t\t\t<\/div>\n\t\t<\/div>\n\t\t\t\t\t<\/div>\n\t\t<\/section>\n\t\t\t\t\t<\/div>\n\t\t<\/div>\n\t\t\t\t\t<\/div>\n\t\t<\/section>\n\t\t\t\t<section class=\"elementor-section elementor-top-section elementor-element elementor-element-20066f2d elementor-section-boxed elementor-section-height-default elementor-section-height-default\" data-id=\"20066f2d\" data-element_type=\"section\" data-settings=\"{&quot;background_background&quot;:&quot;classic&quot;}\">\n\t\t\t\t\t\t<div class=\"elementor-container elementor-column-gap-default\">\n\t\t\t\t\t<div class=\"elementor-column elementor-col-100 elementor-top-column elementor-element elementor-element-3f3426a4\" data-id=\"3f3426a4\" data-element_type=\"column\">\n\t\t\t<div class=\"elementor-widget-wrap elementor-element-populated\">\n\t\t\t\t\t\t<section class=\"elementor-section elementor-inner-section elementor-element elementor-element-60cc6902 elementor-section-boxed elementor-section-height-default elementor-section-height-default\" data-id=\"60cc6902\" data-element_type=\"section\">\n\t\t\t\t\t\t<div class=\"elementor-container elementor-column-gap-default\">\n\t\t\t\t\t<div class=\"elementor-column elementor-col-50 elementor-inner-column elementor-element elementor-element-a181e25\" data-id=\"a181e25\" data-element_type=\"column\">\n\t\t\t<div class=\"elementor-widget-wrap\">\n\t\t\t\t\t\t\t<\/div>\n\t\t<\/div>\n\t\t\t\t<div class=\"elementor-column elementor-col-50 elementor-inner-column elementor-element elementor-element-36493665\" data-id=\"36493665\" data-element_type=\"column\">\n\t\t\t<div class=\"elementor-widget-wrap elementor-element-populated\">\n\t\t\t\t\t\t<div class=\"elementor-element elementor-element-42459929 elementor-widget elementor-widget-text-editor\" data-id=\"42459929\" data-element_type=\"widget\" data-widget_type=\"text-editor.default\">\n\t\t\t\t<div class=\"elementor-widget-container\">\n\t\t\t\t\t\t\t<p>Termos e Condi\u00e7\u00f5es\u00a0 \u00a0 Pol\u00edticas de Privacidade\u00a0<\/p>\t\t\t\t\t\t<\/div>\n\t\t\t\t<\/div>\n\t\t\t\t\t<\/div>\n\t\t<\/div>\n\t\t\t\t\t<\/div>\n\t\t<\/section>\n\t\t\t\t\t<\/div>\n\t\t<\/div>\n\t\t\t\t\t<\/div>\n\t\t<\/section>\n\t\t\t\t<\/div>\n\t\t","protected":false},"excerpt":{"rendered":"<p>POL\u00cdTICAS DE PRIVACIDADE Compromisso de prote\u00e7\u00e3o \u00e0 sua privacidade Suas informa\u00e7\u00f5es compartilhadas por voc\u00ea em refer\u00eancia a transa\u00e7\u00f5es (como seu nome, endere\u00e7o de e-mail ou quaisquer outros dados pessoais) est\u00e3o completamente seguras conosco. Este documento define nosso compromisso com a pol\u00edtica de privacidade. Outras informa\u00e7\u00f5es de privacidade podem ser aplicadas, dependendo da empresa em https:\/\/plrtop10.com\/milhas&nbsp;com [&hellip;]<\/p>\n","protected":false},"author":1,"featured_media":0,"parent":0,"menu_order":0,"comment_status":"closed","ping_status":"closed","template":"","meta":{"footnotes":""},"class_list":["post-59","page","type-page","status-publish","hentry"],"_links":{"self":[{"href":"https:\/\/plrtop10.com\/milhas\/wp-json\/wp\/v2\/pages\/59"}],"collection":[{"href":"https:\/\/plrtop10.com\/milhas\/wp-json\/wp\/v2\/pages"}],"about":[{"href":"https:\/\/plrtop10.com\/milhas\/wp-json\/wp\/v2\/types\/page"}],"author":[{"embeddable":true,"href":"https:\/\/plrtop10.com\/milhas\/wp-json\/wp\/v2\/users\/1"}],"replies":[{"embeddable":true,"href":"https:\/\/plrtop10.com\/milhas\/wp-json\/wp\/v2\/comments?post=59"}],"version-history":[{"count":4,"href":"https:\/\/plrtop10.com\/milhas\/wp-json\/wp\/v2\/pages\/59\/revisions"}],"predecessor-version":[{"id":64,"href":"https:\/\/plrtop10.com\/milhas\/wp-json\/wp\/v2\/pages\/59\/revisions\/64"}],"wp:attachment":[{"href":"https:\/\/plrtop10.com\/milhas\/wp-json\/wp\/v2\/media?parent=59"}],"curies":[{"name":"wp","href":"https:\/\/api.w.org\/{rel}","templated":true}]}}