{"id":51,"date":"2024-10-23T03:41:19","date_gmt":"2024-10-23T03:41:19","guid":{"rendered":"https:\/\/plrtop10.com\/makeprofissional\/?page_id=51"},"modified":"2024-10-23T03:44:27","modified_gmt":"2024-10-23T03:44:27","slug":"termos","status":"publish","type":"page","link":"https:\/\/plrtop10.com\/makeprofissional\/termos\/","title":{"rendered":"Termos"},"content":{"rendered":"\t\t<div data-elementor-type=\"wp-page\" data-elementor-id=\"51\" class=\"elementor elementor-51\" data-elementor-post-type=\"page\">\n\t\t\t\t\t\t<section class=\"elementor-section elementor-top-section elementor-element elementor-element-151cafb3 elementor-section-boxed elementor-section-height-default elementor-section-height-default\" data-id=\"151cafb3\" data-element_type=\"section\">\n\t\t\t\t\t\t<div class=\"elementor-container elementor-column-gap-default\">\n\t\t\t\t\t<div class=\"elementor-column elementor-col-100 elementor-top-column elementor-element elementor-element-36d0a63e\" data-id=\"36d0a63e\" data-element_type=\"column\">\n\t\t\t<div class=\"elementor-widget-wrap elementor-element-populated\">\n\t\t\t\t\t\t<section class=\"elementor-section elementor-inner-section elementor-element elementor-element-4c469a6f elementor-section-boxed elementor-section-height-default elementor-section-height-default\" data-id=\"4c469a6f\" data-element_type=\"section\">\n\t\t\t\t\t\t<div class=\"elementor-container elementor-column-gap-default\">\n\t\t\t\t\t<div class=\"elementor-column elementor-col-100 elementor-inner-column elementor-element elementor-element-5fa6e6e1\" data-id=\"5fa6e6e1\" data-element_type=\"column\">\n\t\t\t<div class=\"elementor-widget-wrap elementor-element-populated\">\n\t\t\t\t\t\t<div class=\"elementor-element elementor-element-443a0af6 elementor-widget elementor-widget-text-editor\" data-id=\"443a0af6\" data-element_type=\"widget\" data-widget_type=\"text-editor.default\">\n\t\t\t\t<div class=\"elementor-widget-container\">\n\t\t\t\t\t\t\t<p>TERMOS E CONDI\u00c7\u00d5ES DE USO<\/p>\t\t\t\t\t\t<\/div>\n\t\t\t\t<\/div>\n\t\t\t\t<div class=\"elementor-element elementor-element-7ea1765f elementor-widget elementor-widget-text-editor\" data-id=\"7ea1765f\" data-element_type=\"widget\" data-widget_type=\"text-editor.default\">\n\t\t\t\t<div class=\"elementor-widget-container\">\n\t\t\t\t\t\t\t<p><span style=\"color: #000000;\">Se voc\u00ea n\u00e3o concordar com os nossos Termos e Condi\u00e7\u00f5es de Uso de qualquer maneira, por favor n\u00e3o use nossos produtos, aplica\u00e7\u00f5es e website. Se voc\u00ea continuar a navegar e a utilizar os nossos servi\u00e7os e produtos, estar\u00e1 sujeito a concordar com os nossos Termos e Condi\u00e7\u00f5es de Uso e Pol\u00edtica de Privacidade publicados em https:\/\/plrtop10.com\/makeprofissional\/.<\/span><\/p><p><span style=\"color: #000000;\"><strong>A utiliza\u00e7\u00e3o deste site est\u00e1 sujeita aos seguintes\u00a0termos:<\/strong><\/span><\/p><ul><li><span style=\"color: #000000;\">Todas as marcas reproduzidas neste site, que n\u00e3o s\u00e3o de propriedade ou licenciadas para o operador, s\u00e3o reconhecidas no website.<\/span><\/li><li><span style=\"color: #000000;\">N\u00e3o \u00e9 permitido a c\u00f3pia de conte\u00fado, gr\u00e1ficos, design, apar\u00eancia e layout de nosso site para ningu\u00e9m sem nossa permiss\u00e3o.\u00a0Voc\u00ea deve nos enviar um e-mail para <strong>(LINK DO SEU E-MAIL DE SUPORTE)<\/strong> para obter permiss\u00e3o para usar nosso conte\u00fado.\u00a0O uso n\u00e3o autorizado deste site pode causar uma a\u00e7\u00e3o criminal contra voc\u00ea.<\/span><\/li><\/ul><ul><li><span style=\"color: #000000;\">Voc\u00ea ser\u00e1 respons\u00e1vel por danos (incluindo danos, custas e honor\u00e1rios advocat\u00edcios) caso expresse indevidamente que o site ou uma p\u00e1gina da web est\u00e1 violando seus direitos autorais.<\/span><\/li><li><span style=\"color: #000000;\">N\u00e3o nos responsabilizamos, caso voc\u00ea receba algum\u00a0coment\u00e1rio ofensivo e abusivo em seu site, n\u00e3o apoiamos isso de nossa parte ou de ningu\u00e9m.<\/span><\/li><li><span style=\"color: #000000;\">Voc\u00ea entende e concorda que o uso de nosso site \u00e9 limitado e n\u00e3o exclusivo e podemos encerr\u00e1-lo por qualquer motivo, sem aviso pr\u00e9vio.<\/span><\/li><li><span style=\"color: #000000;\">De vez em quando, podemos oferecer e \/ou co-patrocinar concursos ou promo\u00e7\u00f5es no nosso site.\u00a0Cada uma dessas atividades ser\u00e1 regida por regras espec\u00edficas acess\u00edveis nas p\u00e1ginas do site que oferece a promo\u00e7\u00e3o ou quando voc\u00ea enviar sua inscri\u00e7\u00e3o.<\/span><\/li><li><span style=\"color: #000000;\">N\u00f3s nos reservamos o direito de modificar, mudar tempor\u00e1ria e permanentemente nossos termos e pol\u00edticas a qualquer momento, sem qualquer aviso pr\u00e9vio.\u00a0\u00c9 sua responsabilidade estar atualizado e verificar nossos termos e pol\u00edticas de tempos em tempos.<\/span><\/li><li><span style=\"color: #000000;\">Estes Termos e condi\u00e7\u00f5es e todos os outros documentos legais publicados no site constituem o acordo integral entre voc\u00ea e <strong>Make Profissional<\/strong>, no que diz respeito ao uso do site, incluindo o conte\u00fado, gr\u00e1ficos, design, apar\u00eancia e comportamento.<\/span><span style=\"color: #000000;\">https:\/\/plrtop10.com\/makeprofissional\/<\/span><\/li><\/ul>\t\t\t\t\t\t<\/div>\n\t\t\t\t<\/div>\n\t\t\t\t\t<\/div>\n\t\t<\/div>\n\t\t\t\t\t<\/div>\n\t\t<\/section>\n\t\t\t\t\t<\/div>\n\t\t<\/div>\n\t\t\t\t\t<\/div>\n\t\t<\/section>\n\t\t\t\t<section class=\"elementor-section elementor-top-section elementor-element elementor-element-2200bc7c elementor-section-boxed elementor-section-height-default elementor-section-height-default\" data-id=\"2200bc7c\" data-element_type=\"section\" data-settings=\"{&quot;background_background&quot;:&quot;classic&quot;}\">\n\t\t\t\t\t\t<div class=\"elementor-container elementor-column-gap-default\">\n\t\t\t\t\t<div class=\"elementor-column elementor-col-100 elementor-top-column elementor-element elementor-element-12cadd1b\" data-id=\"12cadd1b\" data-element_type=\"column\">\n\t\t\t<div class=\"elementor-widget-wrap elementor-element-populated\">\n\t\t\t\t\t\t<section class=\"elementor-section elementor-inner-section elementor-element elementor-element-1530ca4d elementor-section-boxed elementor-section-height-default elementor-section-height-default\" data-id=\"1530ca4d\" data-element_type=\"section\">\n\t\t\t\t\t\t<div class=\"elementor-container elementor-column-gap-default\">\n\t\t\t\t\t<div class=\"elementor-column elementor-col-50 elementor-inner-column elementor-element elementor-element-7ee999f6\" data-id=\"7ee999f6\" data-element_type=\"column\">\n\t\t\t<div class=\"elementor-widget-wrap\">\n\t\t\t\t\t\t\t<\/div>\n\t\t<\/div>\n\t\t\t\t<div class=\"elementor-column elementor-col-50 elementor-inner-column elementor-element elementor-element-2646bb84\" data-id=\"2646bb84\" data-element_type=\"column\">\n\t\t\t<div class=\"elementor-widget-wrap elementor-element-populated\">\n\t\t\t\t\t\t<div class=\"elementor-element elementor-element-466f5c68 elementor-widget elementor-widget-text-editor\" data-id=\"466f5c68\" data-element_type=\"widget\" data-widget_type=\"text-editor.default\">\n\t\t\t\t<div class=\"elementor-widget-container\">\n\t\t\t\t\t\t\t<p>Termos e Condi\u00e7\u00f5es\u00a0 \u00a0 Pol\u00edticas de Privacidade<\/p>\t\t\t\t\t\t<\/div>\n\t\t\t\t<\/div>\n\t\t\t\t\t<\/div>\n\t\t<\/div>\n\t\t\t\t\t<\/div>\n\t\t<\/section>\n\t\t\t\t\t<\/div>\n\t\t<\/div>\n\t\t\t\t\t<\/div>\n\t\t<\/section>\n\t\t\t\t<\/div>\n\t\t","protected":false},"excerpt":{"rendered":"<p>TERMOS E CONDI\u00c7\u00d5ES DE USO Se voc\u00ea n\u00e3o concordar com os nossos Termos e Condi\u00e7\u00f5es de Uso de qualquer maneira, por favor n\u00e3o use nossos produtos, aplica\u00e7\u00f5es e website. Se voc\u00ea continuar a navegar e a utilizar os nossos servi\u00e7os e produtos, estar\u00e1 sujeito a concordar com os nossos Termos e Condi\u00e7\u00f5es de Uso e [&hellip;]<\/p>\n","protected":false},"author":1,"featured_media":0,"parent":0,"menu_order":0,"comment_status":"closed","ping_status":"closed","template":"elementor_header_footer","meta":{"footnotes":""},"class_list":["post-51","page","type-page","status-publish","hentry"],"_links":{"self":[{"href":"https:\/\/plrtop10.com\/makeprofissional\/wp-json\/wp\/v2\/pages\/51"}],"collection":[{"href":"https:\/\/plrtop10.com\/makeprofissional\/wp-json\/wp\/v2\/pages"}],"about":[{"href":"https:\/\/plrtop10.com\/makeprofissional\/wp-json\/wp\/v2\/types\/page"}],"author":[{"embeddable":true,"href":"https:\/\/plrtop10.com\/makeprofissional\/wp-json\/wp\/v2\/users\/1"}],"replies":[{"embeddable":true,"href":"https:\/\/plrtop10.com\/makeprofissional\/wp-json\/wp\/v2\/comments?post=51"}],"version-history":[{"count":4,"href":"https:\/\/plrtop10.com\/makeprofissional\/wp-json\/wp\/v2\/pages\/51\/revisions"}],"predecessor-version":[{"id":56,"href":"https:\/\/plrtop10.com\/makeprofissional\/wp-json\/wp\/v2\/pages\/51\/revisions\/56"}],"wp:attachment":[{"href":"https:\/\/plrtop10.com\/makeprofissional\/wp-json\/wp\/v2\/media?parent=51"}],"curies":[{"name":"wp","href":"https:\/\/api.w.org\/{rel}","templated":true}]}}